{"id":2642,"date":"2022-10-13T08:46:07","date_gmt":"2022-10-13T08:46:07","guid":{"rendered":"https:\/\/glamila.pl\/regulamin\/"},"modified":"2024-03-02T14:38:14","modified_gmt":"2024-03-02T14:38:14","slug":"satzung","status":"publish","type":"page","link":"https:\/\/glamila.pl\/de\/satzung\/","title":{"rendered":"Satzung"},"content":{"rendered":"<div class=\"fusion-fullwidth fullwidth-box fusion-builder-row-1 fusion-flex-container has-pattern-background has-mask-background nonhundred-percent-fullwidth non-hundred-percent-height-scrolling\" style=\"--awb-border-radius-top-left:0px;--awb-border-radius-top-right:0px;--awb-border-radius-bottom-right:0px;--awb-border-radius-bottom-left:0px;--awb-flex-wrap:wrap;\" ><div class=\"fusion-builder-row fusion-row fusion-flex-align-items-flex-start fusion-flex-content-wrap\" style=\"max-width:1248px;margin-left: calc(-4% \/ 2 );margin-right: calc(-4% \/ 2 );\"><div class=\"fusion-layout-column fusion_builder_column fusion-builder-column-0 fusion_builder_column_1_1 1_1 fusion-flex-column\" style=\"--awb-bg-size:cover;--awb-width-large:100%;--awb-margin-top-large:0px;--awb-spacing-right-large:1.92%;--awb-margin-bottom-large:20px;--awb-spacing-left-large:1.92%;--awb-width-medium:100%;--awb-order-medium:0;--awb-spacing-right-medium:1.92%;--awb-spacing-left-medium:1.92%;--awb-width-small:100%;--awb-order-small:0;--awb-spacing-right-small:1.92%;--awb-spacing-left-small:1.92%;\"><div class=\"fusion-column-wrapper fusion-column-has-shadow fusion-flex-justify-content-flex-start fusion-content-layout-column\"><div class=\"fusion-content-boxes content-boxes columns row fusion-columns-1 fusion-columns-total-23 fusion-content-boxes-1 content-boxes-timeline-vertical content-left content-boxes-timeline-layout content-boxes-icon-with-title fusion-delayed-animation\" style=\"--awb-backgroundcolor:var(--awb-color3);--awb-title-color:var(--awb-color5);--awb-hover-accent-color:var(--awb-color5);--awb-circle-hover-accent-color:var(--awb-color5);--awb-item-margin-bottom:40px;\" data-animation-delay=\"350\" data-animationOffset=\"top-into-view\"><div style=\"--awb-backgroundcolor:var(--awb-color3);\" class=\"fusion-column content-box-column content-box-column content-box-column-1 col-lg-12 col-md-12 col-sm-12 fusion-content-box-hover content-box-column-last-in-row\"><div class=\"col content-box-wrapper content-wrapper-background link-area-link-icon content-icon-wrapper-yes icon-wrapper-hover-animation-pulsate fusion-animated\" data-animationType=\"fadeIn\" data-animationDuration=\"0.25\" data-animationOffset=\"top-into-view\"><div class=\"heading icon-left\"><h2 class=\"content-box-heading fusion-responsive-typography-calculated\" style=\"--h2_typography-font-size:24px;--fontSize:24;line-height:var(--awb-typography1-line-height);\">1.<\/h2><\/div><div class=\"fusion-clearfix\"><\/div><div class=\"content-container\">Im Rahmen des Mietvertrags verf\u00fcgt der Mieter \u00fcber das Zelt zu den in der Mietvereinbarung festgelegten Tagen und Uhrzeiten.<\/div><\/div><\/div><div style=\"--awb-backgroundcolor:var(--awb-color3);\" class=\"fusion-column content-box-column content-box-column content-box-column-2 col-lg-12 col-md-12 col-sm-12 fusion-content-box-hover content-box-column-last-in-row\"><div class=\"col content-box-wrapper content-wrapper-background link-area-link-icon content-icon-wrapper-yes icon-wrapper-hover-animation-pulsate fusion-animated\" data-animationType=\"fadeIn\" data-animationDuration=\"0.25\" data-animationOffset=\"top-into-view\"><div class=\"heading icon-left\"><h2 class=\"content-box-heading fusion-responsive-typography-calculated\" style=\"--h2_typography-font-size:24px;--fontSize:24;line-height:var(--awb-typography1-line-height);\">2.<\/h2><\/div><div class=\"fusion-clearfix\"><\/div><div class=\"content-container\">Der Eintritt in das Zelt am Anreisetag erfolgt zu einer zwischen dem Mieter und dem Vermieter vereinbarten Zeit, jedoch nicht fr\u00fcher als in der Vereinbarung festgelegt. Das Verlassen des Zeltes am Abreisetag erfolgt nicht sp\u00e4ter als in der Vereinbarung festgelegt. Die Abrechnung der Aufenthaltsgeb\u00fchren erfolgt bis 18:00 Uhr am Vortag der Abreise oder von 8:00 Uhr bis 10:00 Uhr am Abreisetag. Jede Abweichung von diesen Regeln bedarf der Zustimmung des Vermieters.<\/div><\/div><\/div><div style=\"--awb-backgroundcolor:var(--awb-color3);\" class=\"fusion-column content-box-column content-box-column content-box-column-3 col-lg-12 col-md-12 col-sm-12 fusion-content-box-hover content-box-column-last-in-row\"><div class=\"col content-box-wrapper content-wrapper-background link-area-link-icon content-icon-wrapper-yes icon-wrapper-hover-animation-pulsate fusion-animated\" data-animationType=\"fadeIn\" data-animationDuration=\"0.25\" data-animationOffset=\"top-into-view\"><div class=\"heading icon-left\"><h2 class=\"content-box-heading fusion-responsive-typography-calculated\" style=\"--h2_typography-font-size:24px;--fontSize:24;line-height:var(--awb-typography1-line-height);\">3.<\/h2><\/div><div class=\"fusion-clearfix\"><\/div><div class=\"content-container\">In der Hochsaison, d. h. Juli &#8211; August, sind nur w\u00f6chentliche Aufenthalte von Samstag bis Samstag m\u00f6glich. In anderen Zeitr\u00e4umen werden die Zelte pro Tag vermietet.<\/div><\/div><\/div><div style=\"--awb-backgroundcolor:var(--awb-color3);\" class=\"fusion-column content-box-column content-box-column content-box-column-4 col-lg-12 col-md-12 col-sm-12 fusion-content-box-hover content-box-column-last-in-row\"><div class=\"col content-box-wrapper content-wrapper-background link-area-link-icon content-icon-wrapper-yes icon-wrapper-hover-animation-pulsate fusion-animated\" data-animationType=\"fadeIn\" data-animationDuration=\"0.25\" data-animationOffset=\"top-into-view\"><div class=\"heading icon-left\"><h2 class=\"content-box-heading fusion-responsive-typography-calculated\" style=\"--h2_typography-font-size:24px;--fontSize:24;line-height:var(--awb-typography1-line-height);\">4.<\/h2><\/div><div class=\"fusion-clearfix\"><\/div><div class=\"content-container\">Die \u00dcbernachtung dauert von 14:00 Uhr bis 10:00 Uhr am n\u00e4chsten Tag. Das Verbleiben im Zelt oder das Zur\u00fccklassen von Gegenst\u00e4nden nach 10:00 Uhr wird als Verl\u00e4ngerung des Aufenthalts betrachtet. Falls der Mieter oder die Personen, die sich in der Obhut des Mieters befinden, das Zelt nach 10:00 Uhr verlassen, berechnet der Vermieter eine Geb\u00fchr f\u00fcr einen weiteren Tag Zeltmiete.<\/div><\/div><\/div><div style=\"--awb-backgroundcolor:var(--awb-color3);\" class=\"fusion-column content-box-column content-box-column content-box-column-5 col-lg-12 col-md-12 col-sm-12 fusion-content-box-hover content-box-column-last-in-row\"><div class=\"col content-box-wrapper content-wrapper-background link-area-link-icon content-icon-wrapper-yes icon-wrapper-hover-animation-pulsate fusion-animated\" data-animationType=\"fadeIn\" data-animationDuration=\"0.25\" data-animationOffset=\"top-into-view\"><div class=\"heading icon-left\"><h2 class=\"content-box-heading fusion-responsive-typography-calculated\" style=\"--h2_typography-font-size:24px;--fontSize:24;line-height:var(--awb-typography1-line-height);\">5.<\/h2><\/div><div class=\"fusion-clearfix\"><\/div><div class=\"content-container\">Der Mieter darf das Zelt nicht an andere Personen \u00fcbergeben, auch wenn die in der Vereinbarung festgelegte Mietdauer noch nicht abgelaufen ist.<\/div><\/div><\/div><div style=\"--awb-backgroundcolor:var(--awb-color3);\" class=\"fusion-column content-box-column content-box-column content-box-column-6 col-lg-12 col-md-12 col-sm-12 fusion-content-box-hover content-box-column-last-in-row\"><div class=\"col content-box-wrapper content-wrapper-background link-area-link-icon content-icon-wrapper-yes icon-wrapper-hover-animation-pulsate fusion-animated\" data-animationType=\"fadeIn\" data-animationDuration=\"0.25\" data-animationOffset=\"top-into-view\"><div class=\"heading icon-left\"><h2 class=\"content-box-heading fusion-responsive-typography-calculated\" style=\"--h2_typography-font-size:24px;--fontSize:24;line-height:var(--awb-typography1-line-height);\">6.<\/h2><\/div><div class=\"fusion-clearfix\"><\/div><div class=\"content-container\">Der Zelteigent\u00fcmer haftet nicht f\u00fcr den Verlust oder die Besch\u00e4digung von Wertsachen, Geld, Wertpapieren, Gegenst\u00e4nden mit wissenschaftlichem oder k\u00fcnstlerischem Wert.<\/div><\/div><\/div><div style=\"--awb-backgroundcolor:var(--awb-color3);\" class=\"fusion-column content-box-column content-box-column content-box-column-7 col-lg-12 col-md-12 col-sm-12 fusion-content-box-hover content-box-column-last-in-row\"><div class=\"col content-box-wrapper content-wrapper-background link-area-link-icon content-icon-wrapper-yes icon-wrapper-hover-animation-pulsate fusion-animated\" data-animationType=\"fadeIn\" data-animationDuration=\"0.25\" data-animationOffset=\"top-into-view\"><div class=\"heading icon-left\"><h2 class=\"content-box-heading fusion-responsive-typography-calculated\" style=\"--h2_typography-font-size:24px;--fontSize:24;line-height:var(--awb-typography1-line-height);\">7.<\/h2><\/div><div class=\"fusion-clearfix\"><\/div><div class=\"content-container\">In der Ferienanlage Glamila werden Zahlungen \u00fcber Przelewy24 abgewickelt.<\/div><\/div><\/div><div style=\"--awb-backgroundcolor:var(--awb-color3);\" class=\"fusion-column content-box-column content-box-column content-box-column-8 col-lg-12 col-md-12 col-sm-12 fusion-content-box-hover content-box-column-last-in-row\"><div class=\"col content-box-wrapper content-wrapper-background link-area-link-icon content-icon-wrapper-yes icon-wrapper-hover-animation-pulsate fusion-animated\" data-animationType=\"fadeIn\" data-animationDuration=\"0.25\" data-animationOffset=\"top-into-view\"><div class=\"heading icon-left\"><h2 class=\"content-box-heading fusion-responsive-typography-calculated\" style=\"--h2_typography-font-size:24px;--fontSize:24;line-height:var(--awb-typography1-line-height);\">8.<\/h2><\/div><div class=\"fusion-clearfix\"><\/div><div class=\"content-container\">Im gesamten Gel\u00e4nde gilt Nachtruhe von 22:00 Uhr bis 6:00 Uhr.<\/div><\/div><\/div><div style=\"--awb-backgroundcolor:var(--awb-color3);\" class=\"fusion-column content-box-column content-box-column content-box-column-9 col-lg-12 col-md-12 col-sm-12 fusion-content-box-hover content-box-column-last-in-row\"><div class=\"col content-box-wrapper content-wrapper-background link-area-link-icon content-icon-wrapper-yes icon-wrapper-hover-animation-pulsate fusion-animated\" data-animationType=\"fadeIn\" data-animationDuration=\"0.25\" data-animationOffset=\"top-into-view\"><div class=\"heading icon-left\"><h2 class=\"content-box-heading fusion-responsive-typography-calculated\" style=\"--h2_typography-font-size:24px;--fontSize:24;line-height:var(--awb-typography1-line-height);\">9.<\/h2><\/div><div class=\"fusion-clearfix\"><\/div><div class=\"content-container\">Das Verhalten des Mieters oder der von ihm betreuten Personen sollte nicht den ruhigen Aufenthalt anderer G\u00e4ste st\u00f6ren. Der Vermieter kann die weitere Erbringung der Mietdienstleistungen f\u00fcr einen Mieter ablehnen, der gegen dieses Prinzip verst\u00f6\u00dft.<\/div><\/div><\/div><div style=\"--awb-backgroundcolor:var(--awb-color3);\" class=\"fusion-column content-box-column content-box-column content-box-column-10 col-lg-12 col-md-12 col-sm-12 fusion-content-box-hover content-box-column-last-in-row\"><div class=\"col content-box-wrapper content-wrapper-background link-area-link-icon content-icon-wrapper-yes icon-wrapper-hover-animation-pulsate fusion-animated\" data-animationType=\"fadeIn\" data-animationDuration=\"0.25\" data-animationOffset=\"top-into-view\"><div class=\"heading icon-left\"><h2 class=\"content-box-heading fusion-responsive-typography-calculated\" style=\"--h2_typography-font-size:24px;--fontSize:24;line-height:var(--awb-typography1-line-height);\">10.<\/h2><\/div><div class=\"fusion-clearfix\"><\/div><div class=\"content-container\">In den Zelten gilt gem\u00e4\u00df dem Gesetz vom 8. April 2010 \u00fcber die \u00c4nderung des Gesetzes \u00fcber den Schutz der Gesundheit vor den Auswirkungen des Tabakkonsums und von Tabakwaren sowie des Gesetzes \u00fcber die Staatliche Sanit\u00e4tsinspektion (GBl. Nr. 81, Pos. 529) ein vollst\u00e4ndiges Rauchverbot f\u00fcr Zigaretten und Tabakprodukte (einschlie\u00dflich E-Zigaretten).<\/div><\/div><\/div><div style=\"--awb-backgroundcolor:var(--awb-color3);\" class=\"fusion-column content-box-column content-box-column content-box-column-11 col-lg-12 col-md-12 col-sm-12 fusion-content-box-hover content-box-column-last-in-row\"><div class=\"col content-box-wrapper content-wrapper-background link-area-link-icon content-icon-wrapper-yes icon-wrapper-hover-animation-pulsate fusion-animated\" data-animationType=\"fadeIn\" data-animationDuration=\"0.25\" data-animationOffset=\"top-into-view\"><div class=\"heading icon-left\"><h2 class=\"content-box-heading fusion-responsive-typography-calculated\" style=\"--h2_typography-font-size:24px;--fontSize:24;line-height:var(--awb-typography1-line-height);\">11.<\/h2><\/div><div class=\"fusion-clearfix\"><\/div><div class=\"content-container\">Der Mieter tr\u00e4gt die materielle Verantwortung f\u00fcr jegliche Besch\u00e4digung oder Zerst\u00f6rung von Einrichtungsgegenst\u00e4nden und technischen Ger\u00e4ten in der Unterkunft, die auf sein Verschulden oder das Verschulden der von ihm besuchten Personen zur\u00fcckzuf\u00fchren ist.<\/div><\/div><\/div><div style=\"--awb-backgroundcolor:var(--awb-color3);\" class=\"fusion-column content-box-column content-box-column content-box-column-12 col-lg-12 col-md-12 col-sm-12 fusion-content-box-hover content-box-column-last-in-row\"><div class=\"col content-box-wrapper content-wrapper-background link-area-link-icon content-icon-wrapper-yes icon-wrapper-hover-animation-pulsate fusion-animated\" data-animationType=\"fadeIn\" data-animationDuration=\"0.25\" data-animationOffset=\"top-into-view\"><div class=\"heading icon-left\"><h2 class=\"content-box-heading fusion-responsive-typography-calculated\" style=\"--h2_typography-font-size:24px;--fontSize:24;line-height:var(--awb-typography1-line-height);\">12.<\/h2><\/div><div class=\"fusion-clearfix\"><\/div><div class=\"content-container\">Aus Gr\u00fcnden der Brandsicherheit ist es untersagt, in den Zelten Heizger\u00e4te oder andere Ger\u00e4te zu verwenden, die nicht zur Ausstattung geh\u00f6ren.<\/div><\/div><\/div><div style=\"--awb-backgroundcolor:var(--awb-color3);\" class=\"fusion-column content-box-column content-box-column content-box-column-13 col-lg-12 col-md-12 col-sm-12 fusion-content-box-hover content-box-column-last-in-row\"><div class=\"col content-box-wrapper content-wrapper-background link-area-link-icon content-icon-wrapper-yes icon-wrapper-hover-animation-pulsate fusion-animated\" data-animationType=\"fadeIn\" data-animationDuration=\"0.25\" data-animationOffset=\"top-into-view\"><div class=\"heading icon-left\"><h2 class=\"content-box-heading fusion-responsive-typography-calculated\" style=\"--h2_typography-font-size:24px;--fontSize:24;line-height:var(--awb-typography1-line-height);\">13.<\/h2><\/div><div class=\"fusion-clearfix\"><\/div><div class=\"content-container\">In den Zelten ist es strengstens untersagt, offenes Feuer zu entfachen.<\/div><\/div><\/div><div style=\"--awb-backgroundcolor:var(--awb-color3);\" class=\"fusion-column content-box-column content-box-column content-box-column-14 col-lg-12 col-md-12 col-sm-12 fusion-content-box-hover content-box-column-last-in-row\"><div class=\"col content-box-wrapper content-wrapper-background link-area-link-icon content-icon-wrapper-yes icon-wrapper-hover-animation-pulsate fusion-animated\" data-animationType=\"fadeIn\" data-animationDuration=\"0.25\" data-animationOffset=\"top-into-view\"><div class=\"heading icon-left\"><h2 class=\"content-box-heading fusion-responsive-typography-calculated\" style=\"--h2_typography-font-size:24px;--fontSize:24;line-height:var(--awb-typography1-line-height);\">14.<\/h2><\/div><div class=\"fusion-clearfix\"><\/div><div class=\"content-container\">Es ist untersagt, leicht entz\u00fcndliche Materialien, Explosivstoffe sowie Materialien mit unangenehmem Geruch in das Zelt zu bringen.<\/div><\/div><\/div><div style=\"--awb-backgroundcolor:var(--awb-color3);\" class=\"fusion-column content-box-column content-box-column content-box-column-15 col-lg-12 col-md-12 col-sm-12 fusion-content-box-hover content-box-column-last-in-row\"><div class=\"col content-box-wrapper content-wrapper-background link-area-link-icon content-icon-wrapper-yes icon-wrapper-hover-animation-pulsate fusion-animated\" data-animationType=\"fadeIn\" data-animationDuration=\"0.25\" data-animationOffset=\"top-into-view\"><div class=\"heading icon-left\"><h2 class=\"content-box-heading fusion-responsive-typography-calculated\" style=\"--h2_typography-font-size:24px;--fontSize:24;line-height:var(--awb-typography1-line-height);\">15.<\/h2><\/div><div class=\"fusion-clearfix\"><\/div><div class=\"content-container\">Das Entfachen von Lagerfeuern und das Anz\u00fcnden von Grills ist nur an den vom Eigent\u00fcmer festgelegten Stellen gestattet, unter Einhaltung besonderer Vorsichtsma\u00dfnahmen und Brandschutzvorschriften. Benutzer des Grills sind verpflichtet, nach dem Grillen die Sauberkeit zu wahren. Kohle ist in Eigenregie mitzubringen.<\/div><\/div><\/div><div style=\"--awb-backgroundcolor:var(--awb-color3);\" class=\"fusion-column content-box-column content-box-column content-box-column-16 col-lg-12 col-md-12 col-sm-12 fusion-content-box-hover content-box-column-last-in-row\"><div class=\"col content-box-wrapper content-wrapper-background link-area-link-icon content-icon-wrapper-yes icon-wrapper-hover-animation-pulsate fusion-animated\" data-animationType=\"fadeIn\" data-animationDuration=\"0.25\" data-animationOffset=\"top-into-view\"><div class=\"heading icon-left\"><h2 class=\"content-box-heading fusion-responsive-typography-calculated\" style=\"--h2_typography-font-size:24px;--fontSize:24;line-height:var(--awb-typography1-line-height);\">16.<\/h2><\/div><div class=\"fusion-clearfix\"><\/div><div class=\"content-container\">Pers\u00f6nliche Gegenst\u00e4nde, die vom Mieter oder den von ihm betreuten Personen im Zelt zur\u00fcckgelassen wurden, k\u00f6nnen auf Kosten des Mieters an die oben angegebene Adresse zur\u00fcckgesandt werden.<\/div><\/div><\/div><div style=\"--awb-backgroundcolor:var(--awb-color3);\" class=\"fusion-column content-box-column content-box-column content-box-column-17 col-lg-12 col-md-12 col-sm-12 fusion-content-box-hover content-box-column-last-in-row\"><div class=\"col content-box-wrapper content-wrapper-background link-area-link-icon content-icon-wrapper-yes icon-wrapper-hover-animation-pulsate fusion-animated\" data-animationType=\"fadeIn\" data-animationDuration=\"0.25\" data-animationOffset=\"top-into-view\"><div class=\"heading icon-left\"><h2 class=\"content-box-heading fusion-responsive-typography-calculated\" style=\"--h2_typography-font-size:24px;--fontSize:24;line-height:var(--awb-typography1-line-height);\">17.<\/h2><\/div><div class=\"fusion-clearfix\"><\/div><div class=\"content-container\">\n<p>Lebensmittel, die vom Mieter im Zelt zur\u00fcckgelassen wurden, werden nach Verlassen des Mietobjekts nicht aufbewahrt.<\/p>\n<\/div><\/div><\/div><div style=\"--awb-backgroundcolor:var(--awb-color3);\" class=\"fusion-column content-box-column content-box-column content-box-column-18 col-lg-12 col-md-12 col-sm-12 fusion-content-box-hover content-box-column-last-in-row\"><div class=\"col content-box-wrapper content-wrapper-background link-area-link-icon content-icon-wrapper-yes icon-wrapper-hover-animation-pulsate fusion-animated\" data-animationType=\"fadeIn\" data-animationDuration=\"0.25\" data-animationOffset=\"top-into-view\"><div class=\"heading icon-left\"><h2 class=\"content-box-heading fusion-responsive-typography-calculated\" style=\"--h2_typography-font-size:24px;--fontSize:24;line-height:var(--awb-typography1-line-height);\">18.<\/h2><\/div><div class=\"fusion-clearfix\"><\/div><div class=\"content-container\">Das Zelt ist mit allen notwendigen Gegenst\u00e4nden f\u00fcr einen komfortablen Aufenthalt ausgestattet.<\/div><\/div><\/div><div style=\"--awb-backgroundcolor:var(--awb-color3);\" class=\"fusion-column content-box-column content-box-column content-box-column-19 col-lg-12 col-md-12 col-sm-12 fusion-content-box-hover content-box-column-last-in-row\"><div class=\"col content-box-wrapper content-wrapper-background link-area-link-icon content-icon-wrapper-yes icon-wrapper-hover-animation-pulsate fusion-animated\" data-animationType=\"fadeIn\" data-animationDuration=\"0.25\" data-animationOffset=\"top-into-view\"><div class=\"heading icon-left\"><h2 class=\"content-box-heading fusion-responsive-typography-calculated\" style=\"--h2_typography-font-size:24px;--fontSize:24;line-height:var(--awb-typography1-line-height);\">19.<\/h2><\/div><div class=\"fusion-clearfix\"><\/div><div class=\"content-container\">Der Vermieter haftet nicht f\u00fcr vor\u00fcbergehende Unannehmlichkeiten bei unabh\u00e4ngigen Lieferanten, die durch vor\u00fcbergehenden Wassermangel oder Stromausfall verursacht werden k\u00f6nnen.<\/div><\/div><\/div><div style=\"--awb-backgroundcolor:var(--awb-color3);\" class=\"fusion-column content-box-column content-box-column content-box-column-20 col-lg-12 col-md-12 col-sm-12 fusion-content-box-hover content-box-column-last-in-row\"><div class=\"col content-box-wrapper content-wrapper-background link-area-link-icon content-icon-wrapper-yes icon-wrapper-hover-animation-pulsate fusion-animated\" data-animationType=\"fadeIn\" data-animationDuration=\"0.25\" data-animationOffset=\"top-into-view\"><div class=\"heading icon-left\"><h2 class=\"content-box-heading fusion-responsive-typography-calculated\" style=\"--h2_typography-font-size:24px;--fontSize:24;line-height:var(--awb-typography1-line-height);\">20.<\/h2><\/div><div class=\"fusion-clearfix\"><\/div><div class=\"content-container\">Der Vermieter hat Zugang zu den Zelten und dem Gel\u00e4nde, um notwendige Reparaturen, Wartungsarbeiten und erforderliche Reinigungsarbeiten durchzuf\u00fchren, auch w\u00e4hrend des Aufenthalts des Mieters.<\/div><\/div><\/div><div style=\"--awb-backgroundcolor:var(--awb-color3);\" class=\"fusion-column content-box-column content-box-column content-box-column-21 col-lg-12 col-md-12 col-sm-12 fusion-content-box-hover content-box-column-last-in-row\"><div class=\"col content-box-wrapper content-wrapper-background link-area-link-icon content-icon-wrapper-yes icon-wrapper-hover-animation-pulsate fusion-animated\" data-animationType=\"fadeIn\" data-animationDuration=\"0.25\" data-animationOffset=\"top-into-view\"><div class=\"heading icon-left\"><h2 class=\"content-box-heading fusion-responsive-typography-calculated\" style=\"--h2_typography-font-size:24px;--fontSize:24;line-height:var(--awb-typography1-line-height);\">21.<\/h2><\/div><div class=\"fusion-clearfix\"><\/div><div class=\"content-container\">Haustiere sind willkommen, m\u00fcssen jedoch im Voraus angemeldet werden. Der Aufenthalt eines Haustieres ist mit zus\u00e4tzlichen Kosten verbunden.<\/div><\/div><\/div><div style=\"--awb-backgroundcolor:var(--awb-color3);\" class=\"fusion-column content-box-column content-box-column content-box-column-22 col-lg-12 col-md-12 col-sm-12 fusion-content-box-hover content-box-column-last-in-row\"><div class=\"col content-box-wrapper content-wrapper-background link-area-link-icon content-icon-wrapper-yes icon-wrapper-hover-animation-pulsate fusion-animated\" data-animationType=\"fadeIn\" data-animationDuration=\"0.25\" data-animationOffset=\"top-into-view\"><div class=\"heading icon-left\"><h2 class=\"content-box-heading fusion-responsive-typography-calculated\" style=\"--h2_typography-font-size:24px;--fontSize:24;line-height:var(--awb-typography1-line-height);\">22.<\/h2><\/div><div class=\"fusion-clearfix\"><\/div><div class=\"content-container\">Reklamationen: Alle m\u00f6glichen Beschwerden \u00fcber nicht ordnungsgem\u00e4\u00df erbrachte Leistungen des Dorfes sind direkt w\u00e4hrend des Aufenthalts an der Rezeption des Dorfes zu melden. Beschwerden, die nach Abschluss der Dienstleistung eingereicht werden, werden nicht bearbeitet.<\/div><\/div><\/div><div style=\"--awb-backgroundcolor:var(--awb-color3);\" class=\"fusion-column content-box-column content-box-column content-box-column-23 col-lg-12 col-md-12 col-sm-12 fusion-content-box-hover content-box-column-last content-box-column-last-in-row\"><div class=\"col content-box-wrapper content-wrapper-background link-area-link-icon content-icon-wrapper-yes icon-wrapper-hover-animation-pulsate fusion-animated\" data-animationType=\"fadeIn\" data-animationDuration=\"0.25\" data-animationOffset=\"top-into-view\"><div class=\"heading icon-left\"><h2 class=\"content-box-heading fusion-responsive-typography-calculated\" style=\"--h2_typography-font-size:24px;--fontSize:24;line-height:var(--awb-typography1-line-height);\">23.<\/h2><\/div><div class=\"fusion-clearfix\"><\/div><div class=\"content-container\">Daten des Dienstleistungsanbieters: Artma Sp. z o.o. \u015awidry 26, 11-500 Gi\u017cycko, NIP: 845-182-86-09<\/div><\/div><\/div><div class=\"fusion-clearfix\"><\/div><\/div><\/div><\/div><\/div><\/div>\n","protected":false},"excerpt":{"rendered":"","protected":false},"author":1,"featured_media":0,"parent":0,"menu_order":0,"comment_status":"closed","ping_status":"closed","template":"100-width.php","meta":{"footnotes":""},"_links":{"self":[{"href":"https:\/\/glamila.pl\/de\/wp-json\/wp\/v2\/pages\/2642"}],"collection":[{"href":"https:\/\/glamila.pl\/de\/wp-json\/wp\/v2\/pages"}],"about":[{"href":"https:\/\/glamila.pl\/de\/wp-json\/wp\/v2\/types\/page"}],"author":[{"embeddable":true,"href":"https:\/\/glamila.pl\/de\/wp-json\/wp\/v2\/users\/1"}],"replies":[{"embeddable":true,"href":"https:\/\/glamila.pl\/de\/wp-json\/wp\/v2\/comments?post=2642"}],"version-history":[{"count":3,"href":"https:\/\/glamila.pl\/de\/wp-json\/wp\/v2\/pages\/2642\/revisions"}],"predecessor-version":[{"id":2648,"href":"https:\/\/glamila.pl\/de\/wp-json\/wp\/v2\/pages\/2642\/revisions\/2648"}],"wp:attachment":[{"href":"https:\/\/glamila.pl\/de\/wp-json\/wp\/v2\/media?parent=2642"}],"curies":[{"name":"wp","href":"https:\/\/api.w.org\/{rel}","templated":true}]}}