{"id":2649,"date":"2023-11-27T10:23:43","date_gmt":"2023-11-27T10:23:43","guid":{"rendered":"https:\/\/glamila.pl\/warunki-rezerwacji\/"},"modified":"2024-03-02T14:44:06","modified_gmt":"2024-03-02T14:44:06","slug":"reservierungsbedingungen","status":"publish","type":"page","link":"https:\/\/glamila.pl\/de\/reservierungsbedingungen\/","title":{"rendered":"Reservierungsbedingungen"},"content":{"rendered":"<p><div class=\"fusion-fullwidth fullwidth-box fusion-builder-row-1 fusion-flex-container has-pattern-background has-mask-background nonhundred-percent-fullwidth non-hundred-percent-height-scrolling\" style=\"--awb-border-radius-top-left:0px;--awb-border-radius-top-right:0px;--awb-border-radius-bottom-right:0px;--awb-border-radius-bottom-left:0px;--awb-flex-wrap:wrap;\" ><div class=\"fusion-builder-row fusion-row fusion-flex-align-items-flex-start fusion-flex-content-wrap\" style=\"max-width:1248px;margin-left: calc(-4% \/ 2 );margin-right: calc(-4% \/ 2 );\"><div class=\"fusion-layout-column fusion_builder_column fusion-builder-column-0 fusion_builder_column_1_1 1_1 fusion-flex-column\" style=\"--awb-padding-right:10px;--awb-padding-left:10px;--awb-overflow:hidden;--awb-bg-color:var(--awb-color5);--awb-bg-color-hover:var(--awb-color5);--awb-bg-size:cover;--awb-border-radius:10px 10px 10px 10px;--awb-width-large:100%;--awb-margin-top-large:0px;--awb-spacing-right-large:1.92%;--awb-margin-bottom-large:20px;--awb-spacing-left-large:1.92%;--awb-width-medium:100%;--awb-order-medium:0;--awb-spacing-right-medium:1.92%;--awb-spacing-left-medium:1.92%;--awb-width-small:100%;--awb-order-small:0;--awb-spacing-right-small:1.92%;--awb-spacing-left-small:1.92%;\"><div class=\"fusion-column-wrapper fusion-column-has-shadow fusion-flex-justify-content-center fusion-content-layout-column\"><div class=\"fusion-title title fusion-title-1 fusion-sep-none fusion-title-center fusion-title-text fusion-title-size-div\" style=\"--awb-text-color:var(--awb-color1);--awb-font-size:var(--awb-typography2-font-size);\"><div class=\"fusion-title-heading title-heading-center title-heading-tag fusion-responsive-typography-calculated\" style=\"font-family:var(--awb-typography2-font-family);font-weight:var(--awb-typography2-font-weight);font-style:var(--awb-typography2-font-style);margin:0;font-size:1em;letter-spacing:var(--awb-typography2-letter-spacing);text-transform:var(--awb-typography2-text-transform);--fontSize:30;line-height:var(--awb-typography2-line-height);\">Kinderschutzverfahren<\/div><\/div><div class=\"fusion-text fusion-text-1\" style=\"--awb-content-alignment:center;--awb-text-color:var(--awb-color1);\"><p>Aufgrund der &#8222;Verfahren zum Schutz von Kindern&#8220;, die im Besitz des Feriendorfes Glamila sind, bitten wir die G\u00e4ste, die mit Minderj\u00e4hrigen in unserer Anlage \u00fcbernachten, einen Ausweis mitzuf\u00fchren, der best\u00e4tigt, dass sie eine vollj\u00e4hrige Person sind und berechtigt sind, die Aufsicht \u00fcber das Kind zu f\u00fchren. Das Kind sollte auch ein Identit\u00e4tsdokument (Ausweis, Reisepass, Personalausweis) vorweisen k\u00f6nnen.<\/p>\n<\/div><\/div><\/div><\/div><\/div><div class=\"fusion-fullwidth fullwidth-box fusion-builder-row-2 fusion-flex-container has-pattern-background has-mask-background nonhundred-percent-fullwidth non-hundred-percent-height-scrolling\" style=\"--awb-border-radius-top-left:0px;--awb-border-radius-top-right:0px;--awb-border-radius-bottom-right:0px;--awb-border-radius-bottom-left:0px;--awb-flex-wrap:wrap;\" ><div class=\"fusion-builder-row fusion-row fusion-flex-align-items-flex-start fusion-flex-content-wrap\" style=\"max-width:1248px;margin-left: calc(-4% \/ 2 );margin-right: calc(-4% \/ 2 );\"><div class=\"fusion-layout-column fusion_builder_column fusion-builder-column-1 fusion_builder_column_1_1 1_1 fusion-flex-column\" style=\"--awb-bg-size:cover;--awb-width-large:100%;--awb-margin-top-large:0px;--awb-spacing-right-large:1.92%;--awb-margin-bottom-large:20px;--awb-spacing-left-large:1.92%;--awb-width-medium:100%;--awb-order-medium:0;--awb-spacing-right-medium:1.92%;--awb-spacing-left-medium:1.92%;--awb-width-small:100%;--awb-order-small:0;--awb-spacing-right-small:1.92%;--awb-spacing-left-small:1.92%;\"><div class=\"fusion-column-wrapper fusion-column-has-shadow fusion-flex-justify-content-flex-start fusion-content-layout-column\"><div class=\"fusion-title title fusion-title-2 fusion-sep-none fusion-title-center fusion-title-text fusion-title-size-three\"><h3 class=\"fusion-title-heading title-heading-center fusion-responsive-typography-calculated\" style=\"margin:0;--fontSize:40;line-height:var(--awb-typography1-line-height);\">Die Reservierungs- und Stornierungsbedingungen<br \/>\nim Feriendorf Glamila sind wie folgt<\/h3><\/div><\/div><\/div><div class=\"fusion-layout-column fusion_builder_column fusion-builder-column-2 fusion_builder_column_1_1 1_1 fusion-flex-column\" style=\"--awb-bg-size:cover;--awb-width-large:100%;--awb-margin-top-large:0px;--awb-spacing-right-large:1.92%;--awb-margin-bottom-large:20px;--awb-spacing-left-large:1.92%;--awb-width-medium:100%;--awb-order-medium:0;--awb-spacing-right-medium:1.92%;--awb-spacing-left-medium:1.92%;--awb-width-small:100%;--awb-order-small:0;--awb-spacing-right-small:1.92%;--awb-spacing-left-small:1.92%;\"><div class=\"fusion-column-wrapper fusion-column-has-shadow fusion-flex-justify-content-flex-start fusion-content-layout-column\"><div class=\"fusion-title title fusion-title-3 fusion-sep-none fusion-title-text fusion-title-size-div\" style=\"--awb-font-size:var(--awb-typography2-font-size);\"><div class=\"fusion-title-heading title-heading-left title-heading-tag fusion-responsive-typography-calculated\" style=\"font-family:var(--awb-typography2-font-family);font-weight:var(--awb-typography2-font-weight);font-style:var(--awb-typography2-font-style);margin:0;font-size:1em;letter-spacing:var(--awb-typography2-letter-spacing);text-transform:var(--awb-typography2-text-transform);--fontSize:30;line-height:var(--awb-typography2-line-height);\">Reservierungsvorgang<\/div><\/div><div class=\"fusion-text fusion-text-2\"><p>Der Aufenthaltszeitraum muss mit der Rezeption des Glamila Holiday Village telefonisch unter der Nummer 780 109 523, per E-Mail unter glamilaglamp@gmail.com, \u00fcber die Website www.glamila.pl oder \u00fcber Partner\/Reservierungsplattformen abgestimmt werden.<\/p>\n<p>Die Reservierung gilt als best\u00e4tigt, nachdem die Rezeption des Dorfes eine Anzahlung in H\u00f6he von 40% der gesch\u00e4tzten Aufenthaltskosten erhalten hat. Am Tag des Erhalts der Anzahlung stellt die Rezeption des Dorfes dem Kunden eine Anzahlungsrechnung aus, die die Zahlung der Anzahlung f\u00fcr den reservierten Aufenthalt best\u00e4tigt. Wenn der Kunde eine Anzahlungsrechnung f\u00fcr einen anderen K\u00e4ufer als denjenigen w\u00fcnscht, der die Anzahlung geleistet hat, muss er die Rezeption des Dorfes vor der Zahlung der Anzahlung dar\u00fcber informieren und alle erforderlichen Daten f\u00fcr die Ausstellung der Rechnung angeben. Das Fehlen von Informationen des Kunden in diesem Bereich w\u00e4hrend der Zahlung der Anzahlung f\u00fchrt dazu, dass die Anzahlungsrechnung auf die Person\/Firma ausgestellt wird, die die Anzahlung geleistet hat.<\/p>\n<p>Die Endabrechnungsrechnung, die nach Abschluss des Aufenthalts im Dorf ausgestellt wird, kann nur f\u00fcr denselben K\u00e4ufer ausgestellt werden, dem bereits eine Anzahlungsrechnung ausgestellt wurde. Eine \u00c4nderung der K\u00e4uferdaten nach Ausstellung der Anzahlungsrechnung ist NICHT M\u00d6GLICH! Es ist auch nicht m\u00f6glich, bereits ausgestellte Anzahlungsrechnungen zu korrigieren und erneut auf einen anderen K\u00e4ufer auszustellen.<\/p>\n<\/div><\/div><\/div><\/div><\/div><div class=\"fusion-fullwidth fullwidth-box fusion-builder-row-3 fusion-flex-container has-pattern-background has-mask-background nonhundred-percent-fullwidth non-hundred-percent-height-scrolling\" style=\"--awb-border-radius-top-left:0px;--awb-border-radius-top-right:0px;--awb-border-radius-bottom-right:0px;--awb-border-radius-bottom-left:0px;--awb-flex-wrap:wrap;\" ><div class=\"fusion-builder-row fusion-row fusion-flex-align-items-flex-start fusion-flex-content-wrap\" style=\"max-width:1248px;margin-left: calc(-4% \/ 2 );margin-right: calc(-4% \/ 2 );\"><div class=\"fusion-layout-column fusion_builder_column fusion-builder-column-3 fusion_builder_column_1_1 1_1 fusion-flex-column\" style=\"--awb-bg-size:cover;--awb-width-large:100%;--awb-margin-top-large:0px;--awb-spacing-right-large:1.92%;--awb-margin-bottom-large:20px;--awb-spacing-left-large:1.92%;--awb-width-medium:100%;--awb-order-medium:0;--awb-spacing-right-medium:1.92%;--awb-spacing-left-medium:1.92%;--awb-width-small:100%;--awb-order-small:0;--awb-spacing-right-small:1.92%;--awb-spacing-left-small:1.92%;\"><div class=\"fusion-column-wrapper fusion-column-has-shadow fusion-flex-justify-content-flex-start fusion-content-layout-column\"><div class=\"fusion-title title fusion-title-4 fusion-sep-none fusion-title-text fusion-title-size-div\" style=\"--awb-font-size:var(--awb-typography2-font-size);\"><div class=\"fusion-title-heading title-heading-left title-heading-tag fusion-responsive-typography-calculated\" style=\"font-family:var(--awb-typography2-font-family);font-weight:var(--awb-typography2-font-weight);font-style:var(--awb-typography2-font-style);margin:0;font-size:1em;letter-spacing:var(--awb-typography2-letter-spacing);text-transform:var(--awb-typography2-text-transform);--fontSize:30;line-height:var(--awb-typography2-line-height);\">Reservierungsvorgang<\/div><\/div><div class=\"fusion-text fusion-text-3\"><p>Im Falle einer Stornierung, die mehr als 30 Tage vor dem geplanten Beginn des Aufenthalts erfolgt, erstatten wir die gesamte (100%) geleistete Anzahlung.<br \/>\nBei einer Stornierung zwischen dem 30. und 15. Tag vor dem geplanten Beginn des Aufenthalts erstatten wir 50% der geleisteten Anzahlung, die restlichen 50% behalten wir als Stornogeb\u00fchr ein.<br \/>\nBei einer Stornierung, die sp\u00e4ter als 14 Tage vor dem geplanten Beginn des Aufenthalts erfolgt, erfolgt keine R\u00fcckerstattung der geleisteten Anzahlung.<br \/>\nAuch Anzahlungen f\u00fcr Reservierungen, die innerhalb von 15 Tagen vor Beginn des Aufenthalts get\u00e4tigt wurden, sind nicht erstattungsf\u00e4hig.<br \/>\nIm Falle einer pl\u00f6tzlichen Abreise oder der Aufgabe eines Teils des Aufenthalts (Verk\u00fcrzung des Aufenthalts) w\u00e4hrend seiner Dauer erstattet das Dorf keine Geb\u00fchr f\u00fcr den zuvor deklarierten und bezahlten, aber nicht genutzten Zeitraum des Aufenthalts.<br \/>\nJede \u00c4nderung des Anreise- oder Abreisedatums (z. B. sp\u00e4tere Anreise oder fr\u00fchere Abreise, Verzicht auf den Aufenthalt) im Vergleich zur zuvor get\u00e4tigten und von der Rezeption des Dorfes best\u00e4tigten Reservierung berechtigt nicht zu einer Reduzierung der Aufenthaltskosten und zur R\u00fcckerstattung von Zahlungen durch den Gast.<br \/>\nJede nicht realisierte Reservierung (Nichterscheinen des Gastes im Dorf am am Tag des geplanten Beginns des Aufenthalts, sp\u00e4testens bis 8.00 Uhr am n\u00e4chsten Tag), berechtigt das Dorf einseitig zur Aufl\u00f6sung des mit dem Gast geschlossenen Vertrags, d. h. zur Stornierung der get\u00e4tigten Reservierung, mit der M\u00f6glichkeit, die f\u00fcr diesen Zweck entstandenen Kosten zur\u00fcckzufordern. Die vom Gast f\u00fcr den reservierten Aufenthalt gezahlte Anzahlung, der auf diese Weise nicht zustande gekommen ist, wird NICHT zur\u00fcckerstattet.<\/p>\n<\/div><\/div><\/div><\/div><\/div><\/p>\n","protected":false},"excerpt":{"rendered":"","protected":false},"author":1,"featured_media":0,"parent":0,"menu_order":0,"comment_status":"closed","ping_status":"closed","template":"100-width.php","meta":{"footnotes":""},"_links":{"self":[{"href":"https:\/\/glamila.pl\/de\/wp-json\/wp\/v2\/pages\/2649"}],"collection":[{"href":"https:\/\/glamila.pl\/de\/wp-json\/wp\/v2\/pages"}],"about":[{"href":"https:\/\/glamila.pl\/de\/wp-json\/wp\/v2\/types\/page"}],"author":[{"embeddable":true,"href":"https:\/\/glamila.pl\/de\/wp-json\/wp\/v2\/users\/1"}],"replies":[{"embeddable":true,"href":"https:\/\/glamila.pl\/de\/wp-json\/wp\/v2\/comments?post=2649"}],"version-history":[{"count":3,"href":"https:\/\/glamila.pl\/de\/wp-json\/wp\/v2\/pages\/2649\/revisions"}],"predecessor-version":[{"id":2655,"href":"https:\/\/glamila.pl\/de\/wp-json\/wp\/v2\/pages\/2649\/revisions\/2655"}],"wp:attachment":[{"href":"https:\/\/glamila.pl\/de\/wp-json\/wp\/v2\/media?parent=2649"}],"curies":[{"name":"wp","href":"https:\/\/api.w.org\/{rel}","templated":true}]}}